{"id":16259,"date":"2023-03-09T20:23:42","date_gmt":"2023-03-09T18:23:42","guid":{"rendered":"https:\/\/eurofinco.be\/?page_id=16259"},"modified":"2023-04-03T15:17:11","modified_gmt":"2023-04-03T13:17:11","slug":"vastgoed-in-vennootschap","status":"publish","type":"page","link":"https:\/\/eurofinco.be\/fr\/vastgoed-in-vennootschap\/","title":{"rendered":"Immobilier en partenariat"},"content":{"rendered":"<div data-elementor-type=\"wp-page\" data-elementor-id=\"16259\" class=\"elementor elementor-16259\">\n\t\t\t\t\t\t<section class=\"elementor-section elementor-top-section elementor-element elementor-element-a2eac24 elementor-section-boxed elementor-section-height-default elementor-section-height-default\" data-id=\"a2eac24\" data-element_type=\"section\" data-e-type=\"section\">\n\t\t\t\t\t\t<div class=\"elementor-container elementor-column-gap-default\">\n\t\t\t\t\t<div class=\"elementor-column elementor-col-50 elementor-top-column elementor-element elementor-element-ed99e88\" data-id=\"ed99e88\" data-element_type=\"column\" data-e-type=\"column\">\n\t\t\t<div class=\"elementor-widget-wrap elementor-element-populated\">\n\t\t\t\t\t\t<div class=\"elementor-element elementor-element-272cf2d elementor-widget elementor-widget-image\" data-id=\"272cf2d\" data-element_type=\"widget\" data-e-type=\"widget\" data-widget_type=\"image.default\">\n\t\t\t\t<div class=\"elementor-widget-container\">\n\t\t\t\t\t\t\t\t\t\t\t\t\t\t\t<img fetchpriority=\"high\" decoding=\"async\" width=\"558\" height=\"564\" src=\"https:\/\/eurofinco.be\/wp-content\/uploads\/2022\/03\/about10.jpg\" class=\"attachment-full size-full wp-image-15445\" alt=\"\" srcset=\"https:\/\/eurofinco.be\/wp-content\/uploads\/2022\/03\/about10.jpg 558w, https:\/\/eurofinco.be\/wp-content\/uploads\/2022\/03\/about10-297x300.jpg 297w, https:\/\/eurofinco.be\/wp-content\/uploads\/2022\/03\/about10-106x106.jpg 106w, https:\/\/eurofinco.be\/wp-content\/uploads\/2022\/03\/about10-70x70.jpg 70w\" sizes=\"(max-width: 558px) 100vw, 558px\" \/>\t\t\t\t\t\t\t\t\t\t\t\t\t\t\t<\/div>\n\t\t\t\t<\/div>\n\t\t\t\t\t<\/div>\n\t\t<\/div>\n\t\t\t\t<div class=\"elementor-column elementor-col-50 elementor-top-column elementor-element elementor-element-bc5e58e\" data-id=\"bc5e58e\" data-element_type=\"column\" data-e-type=\"column\">\n\t\t\t<div class=\"elementor-widget-wrap elementor-element-populated\">\n\t\t\t\t\t\t<div class=\"elementor-element elementor-element-9d869e0 consalt-star-rating--align-center elementor-widget elementor-widget-witr_section_title\" data-id=\"9d869e0\" data-element_type=\"widget\" data-e-type=\"widget\" data-widget_type=\"witr_section_title.default\">\n\t\t\t\t<div class=\"elementor-widget-container\">\n\t\t\t\t\t\t\t\t\t\t<!-- title left -->\n\t\t\t\t\t<div class=\"witr_section_title\">\n\t\t\t\t\t\t<div class=\"witr_section_title_inner text-left\">\n\t\t\t\t\t\t\n\t\t\t\t\t\t\t<!-- icon position -->\n\t\t\t\t\t\t\t\t\t\t\t\t\t\t\n\t\t\t\t\t\t\t<!-- image -->\n\t\t\t\t\t\t\t\t\t\t\t\t\t\t<!-- icon -->\n\t\t\t\t\t\t\t\t\t\t\t\t\t\t\n\t\t\t\t\t\t\t<!-- bar -->\n\t\t\t\t\t\t\t\t\t\t\t\t\t\t<!-- circle bar -->\n\t\t\t\t\t\t\t\t\t\t\t\t\t\t\n\t\t\t\t\t\t\t\t\n\t\t\t\t\t\t\t<!-- end icon position -->\n\t\t\t\t\t\t\n\t\t\t\t\t\t\n\t\t\t\t\t\t\t<!-- title top -->\n\t\t\t\t\t\t\t\t\t\t\t\t\t\t\t<h2>Cr\u00e9dit pour <\/h2>\t\t\n\t\t\t\t\t\t\t\n\t\t\t\t\t\t\t<!-- icon position -->\n\t\t\t\t\t\t\t\t\n\t\t\t\t\t\t\t<!-- end icon position -->\n\n\t\t\t\t\t\t\t\n\t\t\t\t\t\t\t<!-- title middle -->\n\t\t\t\t\t\t\t\t\t\t\t\t\t\t\t<h3>immobilier en partenariat<\/h3>\t\t\n\t\t\t\t\t\t\t\t\t\t\t\t\t\t<!-- title bottom -->\n\t\t\t\t\t\t\t\t\t\t\t\t\t\t\t<h1>Guide sur le cr\u00e9dit d'imp\u00f4t pour les biens immobiliers dans les soci\u00e9t\u00e9s de personnes<\/h1>\t\t\n\t\t\t\t\t\t\t\t\t\t\t\t\t\t\n\t\t\t\t\t\t\t<!-- icon position -->\n\t\t\t\t\t\t\t\t\n\t\t\t\t\t\t\t<!-- end icon position -->\n\n\t\t\t\t\t\t\t<!-- content -->\n\t\t\t\t\t\t\t\t\t\t\t\t\t\t\t<p>Vous \u00eates multi-propri\u00e9taire ou investisseur immobilier professionnel ? Vous devez \u00eatre \u00e0 la recherche de solutions sp\u00e9cifiques pour augmenter votre rendement. <br>Les \u00e9tablissements de cr\u00e9dit traditionnels devraient vous aider de mani\u00e8re professionnelle \u00e0 cet \u00e9gard, mais malheureusement, ils vous embrouillent g\u00e9n\u00e9ralement de mani\u00e8re professionnelle. <\/p>\t\t\n\t\t\t\t\t\t\t\t\t\t\t\t\t<\/div>\n\t\t\t\t\t\t\t<!-- inner title -->\n\t\t\t\t\t\t\t\t\t\t\t\t\t\n\t\t\t\t\t<\/div>\t\t\t\t\n\t\t\t\t\t\t\t\t<\/div>\n\t\t\t\t<\/div>\n\t\t\t\t\t<\/div>\n\t\t<\/div>\n\t\t\t\t\t<\/div>\n\t\t<\/section>\n\t\t\t\t<section class=\"elementor-section elementor-top-section elementor-element elementor-element-511dacd elementor-section-boxed elementor-section-height-default elementor-section-height-default\" data-id=\"511dacd\" data-element_type=\"section\" data-e-type=\"section\">\n\t\t\t\t\t\t<div class=\"elementor-container elementor-column-gap-default\">\n\t\t\t\t\t<div class=\"elementor-column elementor-col-50 elementor-top-column elementor-element elementor-element-2d37e15\" data-id=\"2d37e15\" data-element_type=\"column\" data-e-type=\"column\">\n\t\t\t<div class=\"elementor-widget-wrap elementor-element-populated\">\n\t\t\t\t\t\t<div class=\"elementor-element elementor-element-444e720 elementor-widget elementor-widget-witr_section_t_widget\" data-id=\"444e720\" data-element_type=\"widget\" data-e-type=\"widget\" data-widget_type=\"witr_section_t_widget.default\">\n\t\t\t\t<div class=\"elementor-widget-container\">\n\t\t\t\t\t\t\t\t\t\t<!-- text widget center -->\n\t\t\t\t\t<div class=\"witr_text_widget\">\n\t\t\t\t\t\t<div class=\"witr_text_widget_inner\">\n\t\t\t\t\t\t\t<!-- text widget top -->\n\t\t\t\t\t\t\t\t\t\t\t\t\t\n\t\t\t\t\t\t\t<!-- text widget middle -->\n\t\t\t\t\t\t\t\t\t\t\t\t\t\t\t<h2>Eurofinco est \u00e0 vos c\u00f4t\u00e9s. <\/h2>\t\t\n\t\t\t\t\t\t\t\t\t\t\t\t\t\t<!-- text widget bottom -->\n\t\t\t\t\t\t\t\t\t\t\t\t\t\n\t\t\t\t\t\t\t<!-- content -->\n\t\t\t\t\t\t\t\t\t\t\t\t\t\t\t<p><p>Nous examinons vos options en tenant compte de l'avis de votre comptable ou de votre expert fiscal, ainsi que de votre planificateur financier ind\u00e9pendant. Nous structurons vos options et choisissons ensemble la solution qui maximise vos revenus.<\/p><\/p>\t\t\n\t\t\t\t\t\t\t\t\t\t\t\t\t\t\n\t\t\t\t\t\t\t<!--- List content --->\n\t\t\t\t\t\t\t<div class=\"witr_widget_list\">\n\t\t\t\t\t\t\t\t<ul>\t\t\t\t\t\t\t\n\t\t\t\t\t\t\t\t\t\t\t\t\t\t\t\t\t\t\t\t\t\t\t\t\t\t\t\t\t\t\t\t<li>\n\t\t\t\t\t\t\t\t\t\t\t\t\t\t\t\t\t\t\t\t\t\t\t\t\t\t<span class=\"witr_list_text\"><\/span>\n\t\t\t\t\t\t\t\t\t\t\t\t<\/li>\n\t\t\t\t\t\t\t\t\t\t\t\t\t\t\t\t\t\t\t\t\n\t\n\t\t\t\t\t\t\t\t\t\t\t\t\n\t\t\t\t\t\t\t\t\t\t\t\t\t\t\t\t\t<\/ul>\n\t\t\t\t\t\t\t\t\t\n\t\t\t\t\t\t\t<\/div>\t\t\t\t\t\t\t\n\t\t\t\t\t\t<\/div>\n\t\t\t\t\t<\/div>\n\n\t\t\t\t\t\t\t\t<\/div>\n\t\t\t\t<\/div>\n\t\t\t\t\t<\/div>\n\t\t<\/div>\n\t\t\t\t<div class=\"elementor-column elementor-col-50 elementor-top-column elementor-element elementor-element-2702b49\" data-id=\"2702b49\" data-element_type=\"column\" data-e-type=\"column\">\n\t\t\t<div class=\"elementor-widget-wrap elementor-element-populated\">\n\t\t\t\t\t\t<div class=\"elementor-element elementor-element-b90eb26 elementor-widget elementor-widget-witr_section_counter\" data-id=\"b90eb26\" data-element_type=\"widget\" data-e-type=\"widget\" data-widget_type=\"witr_section_counter.default\">\n\t\t\t\t<div class=\"elementor-widget-container\">\n\t\t\t\t\t\t\t\t<div class=\"witr_counter_single all_counter_color\">\n\t\t\t\t\t\t\t\t\t<div class=\"witr_counter_icon\">\n\t\t\t\t\t\t<!-- icon -->\n\t\t\t\t\t\t<i class=\"flaticon flaticon-team-1\"><\/i>\n\t\t\t\t\t<\/div>\n\t\t\t\t\t\t\t\t<!-- custom icon -->\n\t\t\t\t\t\t\t\n\t\t\t\t<!--  img -->\n\t\t\t\t\t\t\t\n\t\t\t\n\t\t\t\t<div class=\"witr_counter_number_inn\">\n\t\t\t\t\t<!-- number -->\n\t\t\t\t\t\t\t\t\t\t\t<h3 class=\"counter\">100 <\/h3>\t\t\t\t\n\t\t\t\t\t\t\t\t\t\t<!-- symbol -->\n\t\t\t\t\t\t\t\t\t\t\t<span>%<\/span>\n\t\t\t\t\t\t\t\t\t\t<!-- content -->\n\t\t\t\t\t\t\t\t\t\t\t<h4>Partenariat <\/h4>\t\t\n\t\t\t\t\t\t\t\t\t\t\n\t\t\t\t<\/div> <!-- counter part -->\t\t\n\t\t\t<\/div>\t\t\n\t\t\n\t\t\t\t\t\t<\/div>\n\t\t\t\t<\/div>\n\t\t\t\t<div class=\"elementor-element elementor-element-288f700 elementor-widget elementor-widget-witr_section_t_widget\" data-id=\"288f700\" data-element_type=\"widget\" data-e-type=\"widget\" data-widget_type=\"witr_section_t_widget.default\">\n\t\t\t\t<div class=\"elementor-widget-container\">\n\t\t\t\t\t\t\t\t\t\t<!-- text widget center -->\n\t\t\t\t\t<div class=\"witr_text_widget\">\n\t\t\t\t\t\t<div class=\"witr_text_widget_inner\">\n\t\t\t\t\t\t\t<!-- text widget top -->\n\t\t\t\t\t\t\t\t\t\t\t\t\t\n\t\t\t\t\t\t\t<!-- text widget middle -->\n\t\t\t\t\t\t\t\t\t\t\t\t\t\t<!-- text widget bottom -->\n\t\t\t\t\t\t\t\t\t\t\t\t\t\n\t\t\t\t\t\t\t<!-- content -->\n\t\t\t\t\t\t\t\t\t\t\t\t\t\t\t<p>Profiter pleinement de l'immobilier en partenariat ? Prenez contact avec nous pour un rendez-vous sans engagement.\n\n<\/p>\t\t\n\t\t\t\t\t\t\t\t\t\t\t\t\t\t\n\t\t\t\t\t\t\t<!--- List content --->\n\t\t\t\t\t\t\t<div class=\"witr_widget_list\">\n\t\t\t\t\t\t\t\t<ul>\t\t\t\t\t\t\t\n\t\t\t\t\t\t\t\t\t\t\t\t\t\t\t\t\t\t\t\t\t\t\t\t\t\t\t\t\t\t\t\t<li>\n\t\t\t\t\t\t\t\t\t\t\t\t\t\t\t\t\t\t\t\t\t\t\t\t\t\t<span class=\"witr_list_text\"><\/span>\n\t\t\t\t\t\t\t\t\t\t\t\t<\/li>\n\t\t\t\t\t\t\t\t\t\t\t\t\t\t\t\t\t\t\t\t\n\t\n\t\t\t\t\t\t\t\t\t\t\t\t\n\t\t\t\t\t\t\t\t\t\t\t\t\t\t\t\t\t<\/ul>\n\t\t\t\t\t\t\t\t\t\n\t\t\t\t\t\t\t<\/div>\t\t\t\t\t\t\t\n\t\t\t\t\t\t<\/div>\n\t\t\t\t\t<\/div>\n\n\t\t\t\t\t\t\t\t<\/div>\n\t\t\t\t<\/div>\n\t\t\t\t\t<\/div>\n\t\t<\/div>\n\t\t\t\t\t<\/div>\n\t\t<\/section>\n\t\t\t\t<\/div>","protected":false},"excerpt":{"rendered":"<p>Krediet voor vastgoed in vennootschap Begeleiding bij krediet voor vastgoed in vennootschap Je bent multi-eigenaar of professioneel vastgoedbelegger? Dan ben je vast op zoek naar specifieke oplossingen om je rendement op te krikken. De traditionele kredietinstellingen zouden je daar professioneel bij moeten helpen, maar helaas brengen ze je meestal op professionele manier in de war. [&hellip;]<\/p>\n","protected":false},"author":1,"featured_media":0,"parent":0,"menu_order":0,"comment_status":"closed","ping_status":"closed","template":"template-home.php","meta":{"om_disable_all_campaigns":false,"_monsterinsights_skip_tracking":false,"_monsterinsights_sitenote_active":false,"_monsterinsights_sitenote_note":"","_monsterinsights_sitenote_category":0,"footnotes":""},"class_list":["post-16259","page","type-page","status-publish","hentry"],"aioseo_notices":[],"_links":{"self":[{"href":"https:\/\/eurofinco.be\/fr\/wp-json\/wp\/v2\/pages\/16259","targetHints":{"allow":["GET"]}}],"collection":[{"href":"https:\/\/eurofinco.be\/fr\/wp-json\/wp\/v2\/pages"}],"about":[{"href":"https:\/\/eurofinco.be\/fr\/wp-json\/wp\/v2\/types\/page"}],"author":[{"embeddable":true,"href":"https:\/\/eurofinco.be\/fr\/wp-json\/wp\/v2\/users\/1"}],"replies":[{"embeddable":true,"href":"https:\/\/eurofinco.be\/fr\/wp-json\/wp\/v2\/comments?post=16259"}],"version-history":[{"count":0,"href":"https:\/\/eurofinco.be\/fr\/wp-json\/wp\/v2\/pages\/16259\/revisions"}],"wp:attachment":[{"href":"https:\/\/eurofinco.be\/fr\/wp-json\/wp\/v2\/media?parent=16259"}],"curies":[{"name":"wp","href":"https:\/\/api.w.org\/{rel}","templated":true}]}}