{"id":16313,"date":"2023-03-10T16:40:00","date_gmt":"2023-03-10T14:40:00","guid":{"rendered":"https:\/\/eurofinco.be\/?page_id=16313"},"modified":"2023-03-10T17:21:30","modified_gmt":"2023-03-10T15:21:30","slug":"inzicht","status":"publish","type":"page","link":"https:\/\/eurofinco.be\/fr\/inzicht\/","title":{"rendered":"Aper\u00e7u"},"content":{"rendered":"<div data-elementor-type=\"wp-page\" data-elementor-id=\"16313\" class=\"elementor elementor-16313\">\n\t\t\t\t\t\t<section class=\"elementor-section elementor-top-section elementor-element elementor-element-1c1a221 elementor-section-boxed elementor-section-height-default elementor-section-height-default\" data-id=\"1c1a221\" data-element_type=\"section\" data-e-type=\"section\">\n\t\t\t\t\t\t<div class=\"elementor-container elementor-column-gap-default\">\n\t\t\t\t\t<div class=\"elementor-column elementor-col-33 elementor-top-column elementor-element elementor-element-b5f6bac\" data-id=\"b5f6bac\" data-element_type=\"column\" data-e-type=\"column\">\n\t\t\t<div class=\"elementor-widget-wrap elementor-element-populated\">\n\t\t\t\t\t\t<div class=\"elementor-element elementor-element-cfc1331 consalt-star-rating--align-center elementor-widget elementor-widget-witr_section_title\" data-id=\"cfc1331\" data-element_type=\"widget\" data-e-type=\"widget\" data-widget_type=\"witr_section_title.default\">\n\t\t\t\t<div class=\"elementor-widget-container\">\n\t\t\t\t\t\t\t\t\t\t<!-- title left -->\n\t\t\t\t\t<div class=\"witr_section_title\">\n\t\t\t\t\t\t<div class=\"witr_section_title_inner text-left\">\n\t\t\t\t\t\t\n\t\t\t\t\t\t\t<!-- icon position -->\n\t\t\t\t\t\t\t\t\t\t\t\t\t\t\n\t\t\t\t\t\t\t<!-- image -->\n\t\t\t\t\t\t\t\t\t\t\t\t\t\t<!-- icon -->\n\t\t\t\t\t\t\t\t\t\t\t\t\t\t\n\t\t\t\t\t\t\t<!-- bar -->\n\t\t\t\t\t\t\t\t\t\t\t\t\t\t<!-- circle bar -->\n\t\t\t\t\t\t\t\t\t\t\t\t\t\t\n\t\t\t\t\t\t\t\t\n\t\t\t\t\t\t\t<!-- end icon position -->\n\t\t\t\t\t\t\n\t\t\t\t\t\t\n\t\t\t\t\t\t\t<!-- title top -->\n\t\t\t\t\t\t\t\n\t\t\t\t\t\t\t<!-- icon position -->\n\t\t\t\t\t\t\t\t\n\t\t\t\t\t\t\t<!-- end icon position -->\n\n\t\t\t\t\t\t\t\n\t\t\t\t\t\t\t<!-- title middle -->\n\t\t\t\t\t\t\t\t\t\t\t\t\t\t\t<h3>Parce que quelqu'un doit \u00eatre de votre c\u00f4t\u00e9 !<\/h3>\t\t\n\t\t\t\t\t\t\t\t\t\t\t\t\t\t<!-- title bottom -->\n\t\t\t\t\t\t\t\t\t\t\t\t\t\t\t<h1>&nbsp;<\/h1>\t\t\n\t\t\t\t\t\t\t\t\t\t\t\t\t\t\n\t\t\t\t\t\t\t<!-- icon position -->\n\t\t\t\t\t\t\t\t\n\t\t\t\t\t\t\t<!-- end icon position -->\n\n\t\t\t\t\t\t\t<!-- content -->\n\t\t\t\t\t\t\t\t\t\t\t\t\t<\/div>\n\t\t\t\t\t\t\t<!-- inner title -->\n\t\t\t\t\t\t\t\t\t\t\t\t\t\t\t<div class=\"witr_back_title\">\n\t\t\t\t\t\t\t\t\t<h4>S\u00dbR ?<\/h4>\n\t\t\t\t\t\t\t\t<\/div>\n\t\t\t\t\t\t\t\t\t\t\t\t\t\n\t\t\t\t\t<\/div>\t\t\t\t\n\t\t\t\t\t\t\t\t<\/div>\n\t\t\t\t<\/div>\n\t\t\t\t\t<\/div>\n\t\t<\/div>\n\t\t\t\t<div class=\"elementor-column elementor-col-33 elementor-top-column elementor-element elementor-element-391d6e3\" data-id=\"391d6e3\" data-element_type=\"column\" data-e-type=\"column\">\n\t\t\t<div class=\"elementor-widget-wrap elementor-element-populated\">\n\t\t\t\t\t\t<div class=\"elementor-element elementor-element-36a7b4e elementor-widget elementor-widget-heading\" data-id=\"36a7b4e\" data-element_type=\"widget\" data-e-type=\"widget\" data-widget_type=\"heading.default\">\n\t\t\t\t<div class=\"elementor-widget-container\">\n\t\t\t\t\t<h2 class=\"elementor-heading-title elementor-size-default\">SI VOUS SAVEZ CE QUI NE VA PAS, CONSULTEZ UN SP\u00c9CIALISTE<\/h2>\t\t\t\t<\/div>\n\t\t\t\t<\/div>\n\t\t\t\t<div class=\"elementor-element elementor-element-288f700 elementor-widget elementor-widget-witr_section_t_widget\" data-id=\"288f700\" data-element_type=\"widget\" data-e-type=\"widget\" data-widget_type=\"witr_section_t_widget.default\">\n\t\t\t\t<div class=\"elementor-widget-container\">\n\t\t\t\t\t\t\t\t\t\t<!-- text widget center -->\n\t\t\t\t\t<div class=\"witr_text_widget\">\n\t\t\t\t\t\t<div class=\"witr_text_widget_inner\">\n\t\t\t\t\t\t\t<!-- text widget top -->\n\t\t\t\t\t\t\t\t\t\t\t\t\t\n\t\t\t\t\t\t\t<!-- text widget middle -->\n\t\t\t\t\t\t\t\t\t\t\t\t\t\t<!-- text widget bottom -->\n\t\t\t\t\t\t\t\t\t\t\t\t\t\n\t\t\t\t\t\t\t<!-- content -->\n\t\t\t\t\t\t\t\t\t\t\t\t\t\t\t<p><p>Supposons que vous souffriez d'une douleur aigu\u00eb au genou. Allez-vous voir votre m\u00e9decin g\u00e9n\u00e9raliste au coin de la rue ?<\/p><p>Ou allez-vous voir le sp\u00e9cialiste, qui a vu des milliers de genoux et peut vous dire ce dont vous avez besoin sans d\u00e9tour ?<\/p><\/p>\t\t\n\t\t\t\t\t\t\t\t\t\t\t\t\t\t\n\t\t\t\t\t\t\t<!--- List content --->\n\t\t\t\t\t\t\t<div class=\"witr_widget_list\">\n\t\t\t\t\t\t\t\t<ul>\t\t\t\t\t\t\t\n\t\t\t\t\t\t\t\t\t\t\t\t\t\t\t\t\t\t\t\t\t\t\t\t\t\t\t\t\t\t\t\t<li>\n\t\t\t\t\t\t\t\t\t\t\t\t\t\t\t\t\t\t\t\t\t\t\t\t\t\t<span class=\"witr_list_text\"><\/span>\n\t\t\t\t\t\t\t\t\t\t\t\t<\/li>\n\t\t\t\t\t\t\t\t\t\t\t\t\t\t\t\t\t\t\t\t\n\t\n\t\t\t\t\t\t\t\t\t\t\t\t\n\t\t\t\t\t\t\t\t\t\t\t\t\t\t\t\t\t<\/ul>\n\t\t\t\t\t\t\t\t\t\n\t\t\t\t\t\t\t<\/div>\t\t\t\t\t\t\t\n\t\t\t\t\t\t<\/div>\n\t\t\t\t\t<\/div>\n\n\t\t\t\t\t\t\t\t<\/div>\n\t\t\t\t<\/div>\n\t\t\t\t\t<\/div>\n\t\t<\/div>\n\t\t\t\t<div class=\"elementor-column elementor-col-33 elementor-top-column elementor-element elementor-element-4f7b731\" data-id=\"4f7b731\" data-element_type=\"column\" data-e-type=\"column\">\n\t\t\t<div class=\"elementor-widget-wrap elementor-element-populated\">\n\t\t\t\t\t\t<div class=\"elementor-element elementor-element-ac82f25 elementor-widget elementor-widget-image\" data-id=\"ac82f25\" data-element_type=\"widget\" data-e-type=\"widget\" data-widget_type=\"image.default\">\n\t\t\t\t<div class=\"elementor-widget-container\">\n\t\t\t\t\t\t\t\t\t\t\t\t\t\t\t<img fetchpriority=\"high\" decoding=\"async\" width=\"469\" height=\"439\" src=\"https:\/\/eurofinco.be\/wp-content\/uploads\/2023\/03\/Screenshot-548.jpg\" class=\"attachment-large size-large wp-image-16218\" alt=\"\" srcset=\"https:\/\/eurofinco.be\/wp-content\/uploads\/2023\/03\/Screenshot-548.jpg 469w, https:\/\/eurofinco.be\/wp-content\/uploads\/2023\/03\/Screenshot-548-300x281.jpg 300w\" sizes=\"(max-width: 469px) 100vw, 469px\" \/>\t\t\t\t\t\t\t\t\t\t\t\t\t\t\t<\/div>\n\t\t\t\t<\/div>\n\t\t\t\t\t<\/div>\n\t\t<\/div>\n\t\t\t\t\t<\/div>\n\t\t<\/section>\n\t\t\t\t<section class=\"elementor-section elementor-top-section elementor-element elementor-element-a2eac24 elementor-section-boxed elementor-section-height-default elementor-section-height-default\" data-id=\"a2eac24\" data-element_type=\"section\" data-e-type=\"section\">\n\t\t\t\t\t\t<div class=\"elementor-container elementor-column-gap-default\">\n\t\t\t\t\t<div class=\"elementor-column elementor-col-50 elementor-top-column elementor-element elementor-element-ed99e88\" data-id=\"ed99e88\" data-element_type=\"column\" data-e-type=\"column\">\n\t\t\t<div class=\"elementor-widget-wrap elementor-element-populated\">\n\t\t\t\t\t\t<section class=\"elementor-section elementor-inner-section elementor-element elementor-element-d33250b elementor-section-boxed elementor-section-height-default elementor-section-height-default\" data-id=\"d33250b\" data-element_type=\"section\" data-e-type=\"section\">\n\t\t\t\t\t\t<div class=\"elementor-container elementor-column-gap-default\">\n\t\t\t\t\t<div class=\"elementor-column elementor-col-50 elementor-inner-column elementor-element elementor-element-eab639f\" data-id=\"eab639f\" data-element_type=\"column\" data-e-type=\"column\">\n\t\t\t<div class=\"elementor-widget-wrap elementor-element-populated\">\n\t\t\t\t\t\t<div class=\"elementor-element elementor-element-142d763 elementor-widget elementor-widget-image\" data-id=\"142d763\" data-element_type=\"widget\" data-e-type=\"widget\" data-widget_type=\"image.default\">\n\t\t\t\t<div class=\"elementor-widget-container\">\n\t\t\t\t\t\t\t\t\t\t\t\t\t\t\t<img decoding=\"async\" width=\"681\" height=\"682\" src=\"https:\/\/eurofinco.be\/wp-content\/uploads\/2023\/02\/Screenshot-471.jpg\" class=\"attachment-large size-large wp-image-15996\" alt=\"\" srcset=\"https:\/\/eurofinco.be\/wp-content\/uploads\/2023\/02\/Screenshot-471.jpg 681w, https:\/\/eurofinco.be\/wp-content\/uploads\/2023\/02\/Screenshot-471-300x300.jpg 300w, https:\/\/eurofinco.be\/wp-content\/uploads\/2023\/02\/Screenshot-471-150x150.jpg 150w, https:\/\/eurofinco.be\/wp-content\/uploads\/2023\/02\/Screenshot-471-450x450.jpg 450w, https:\/\/eurofinco.be\/wp-content\/uploads\/2023\/02\/Screenshot-471-106x106.jpg 106w, https:\/\/eurofinco.be\/wp-content\/uploads\/2023\/02\/Screenshot-471-560x560.jpg 560w, https:\/\/eurofinco.be\/wp-content\/uploads\/2023\/02\/Screenshot-471-70x70.jpg 70w\" sizes=\"(max-width: 681px) 100vw, 681px\" \/>\t\t\t\t\t\t\t\t\t\t\t\t\t\t\t<\/div>\n\t\t\t\t<\/div>\n\t\t\t\t\t<\/div>\n\t\t<\/div>\n\t\t\t\t<div class=\"elementor-column elementor-col-50 elementor-inner-column elementor-element elementor-element-21329fe\" data-id=\"21329fe\" data-element_type=\"column\" data-e-type=\"column\">\n\t\t\t<div class=\"elementor-widget-wrap elementor-element-populated\">\n\t\t\t\t\t\t<div class=\"elementor-element elementor-element-a72d9ed elementor-widget elementor-widget-image\" data-id=\"a72d9ed\" data-element_type=\"widget\" data-e-type=\"widget\" data-widget_type=\"image.default\">\n\t\t\t\t<div class=\"elementor-widget-container\">\n\t\t\t\t\t\t\t\t\t\t\t\t\t\t\t<img decoding=\"async\" width=\"545\" height=\"545\" src=\"https:\/\/eurofinco.be\/wp-content\/uploads\/2023\/02\/Screenshot-470.jpg\" class=\"attachment-large size-large wp-image-15992\" alt=\"\" srcset=\"https:\/\/eurofinco.be\/wp-content\/uploads\/2023\/02\/Screenshot-470.jpg 545w, https:\/\/eurofinco.be\/wp-content\/uploads\/2023\/02\/Screenshot-470-300x300.jpg 300w, https:\/\/eurofinco.be\/wp-content\/uploads\/2023\/02\/Screenshot-470-150x150.jpg 150w, https:\/\/eurofinco.be\/wp-content\/uploads\/2023\/02\/Screenshot-470-450x450.jpg 450w, https:\/\/eurofinco.be\/wp-content\/uploads\/2023\/02\/Screenshot-470-106x106.jpg 106w, https:\/\/eurofinco.be\/wp-content\/uploads\/2023\/02\/Screenshot-470-70x70.jpg 70w\" sizes=\"(max-width: 545px) 100vw, 545px\" \/>\t\t\t\t\t\t\t\t\t\t\t\t\t\t\t<\/div>\n\t\t\t\t<\/div>\n\t\t\t\t<div class=\"elementor-element elementor-element-554cf94 elementor-widget elementor-widget-image\" data-id=\"554cf94\" data-element_type=\"widget\" data-e-type=\"widget\" data-widget_type=\"image.default\">\n\t\t\t\t<div class=\"elementor-widget-container\">\n\t\t\t\t\t\t\t\t\t\t\t\t\t\t\t<img decoding=\"async\" src=\"https:\/\/eurofinco.be\/wp-content\/uploads\/2021\/10\/blog8.jpg\" title=\"blog8\" alt=\"blog8\" loading=\"lazy\" \/>\t\t\t\t\t\t\t\t\t\t\t\t\t\t\t<\/div>\n\t\t\t\t<\/div>\n\t\t\t\t\t<\/div>\n\t\t<\/div>\n\t\t\t\t\t<\/div>\n\t\t<\/section>\n\t\t\t\t\t<\/div>\n\t\t<\/div>\n\t\t\t\t<div class=\"elementor-column elementor-col-50 elementor-top-column elementor-element elementor-element-bc5e58e\" data-id=\"bc5e58e\" data-element_type=\"column\" data-e-type=\"column\">\n\t\t\t<div class=\"elementor-widget-wrap elementor-element-populated\">\n\t\t\t\t\t\t<section class=\"elementor-section elementor-inner-section elementor-element elementor-element-9606916 elementor-section-boxed elementor-section-height-default elementor-section-height-default\" data-id=\"9606916\" data-element_type=\"section\" data-e-type=\"section\">\n\t\t\t\t\t\t<div class=\"elementor-container elementor-column-gap-default\">\n\t\t\t\t\t<div class=\"elementor-column elementor-col-50 elementor-inner-column elementor-element elementor-element-d5b607b\" data-id=\"d5b607b\" data-element_type=\"column\" data-e-type=\"column\">\n\t\t\t<div class=\"elementor-widget-wrap elementor-element-populated\">\n\t\t\t\t\t\t<div class=\"elementor-element elementor-element-444e720 elementor-widget elementor-widget-witr_section_t_widget\" data-id=\"444e720\" data-element_type=\"widget\" data-e-type=\"widget\" data-widget_type=\"witr_section_t_widget.default\">\n\t\t\t\t<div class=\"elementor-widget-container\">\n\t\t\t\t\t\t\t\t\t\t<!-- text widget center -->\n\t\t\t\t\t<div class=\"witr_text_widget\">\n\t\t\t\t\t\t<div class=\"witr_text_widget_inner\">\n\t\t\t\t\t\t\t<!-- text widget top -->\n\t\t\t\t\t\t\t\t\t\t\t\t\t\n\t\t\t\t\t\t\t<!-- text widget middle -->\n\t\t\t\t\t\t\t\t\t\t\t\t\t\t\t<h2>CE N'EST PAS LE MOMENT D'AGIR VITE<\/h2>\t\t\n\t\t\t\t\t\t\t\t\t\t\t\t\t\t<!-- text widget bottom -->\n\t\t\t\t\t\t\t\t\t\t\t\t\t\n\t\t\t\t\t\t\t<!-- content -->\n\t\t\t\t\t\t\t\t\t\t\t\t\t\t\t<p><p>La souscription d'un pr\u00eat immobilier est peut-\u00eatre la d\u00e9cision financi\u00e8re la plus importante de votre vie.<\/p><p>Alors pourquoi prendre une d\u00e9cision h\u00e2tive \u00e0 ce sujet ? Sur la base d'informations incompl\u00e8tes ou erron\u00e9es ?<\/p><\/p>\t\t\n\t\t\t\t\t\t\t\t\t\t\t\t\t\t\n\t\t\t\t\t\t\t<!--- List content --->\n\t\t\t\t\t\t\t<div class=\"witr_widget_list\">\n\t\t\t\t\t\t\t\t<ul>\t\t\t\t\t\t\t\n\t\t\t\t\t\t\t\t\t\t\t\t\t\t\t\t\t\t\t\t\t\t\t\t\t\t\t\t\t\t\t\t<li>\n\t\t\t\t\t\t\t\t\t\t\t\t\t\t\t\t\t\t\t\t\t\t\t\t\t\t<span class=\"witr_list_text\"><\/span>\n\t\t\t\t\t\t\t\t\t\t\t\t<\/li>\n\t\t\t\t\t\t\t\t\t\t\t\t\t\t\t\t\t\t\t\t\n\t\n\t\t\t\t\t\t\t\t\t\t\t\t\n\t\t\t\t\t\t\t\t\t\t\t\t\t\t\t\t\t<\/ul>\n\t\t\t\t\t\t\t\t\t\n\t\t\t\t\t\t\t<\/div>\t\t\t\t\t\t\t\n\t\t\t\t\t\t<\/div>\n\t\t\t\t\t<\/div>\n\n\t\t\t\t\t\t\t\t<\/div>\n\t\t\t\t<\/div>\n\t\t\t\t\t<\/div>\n\t\t<\/div>\n\t\t\t\t<div class=\"elementor-column elementor-col-50 elementor-inner-column elementor-element elementor-element-c88e2cb\" data-id=\"c88e2cb\" data-element_type=\"column\" data-e-type=\"column\">\n\t\t\t<div class=\"elementor-widget-wrap elementor-element-populated\">\n\t\t\t\t\t\t<div class=\"elementor-element elementor-element-b90eb26 elementor-widget elementor-widget-witr_section_counter\" data-id=\"b90eb26\" data-element_type=\"widget\" data-e-type=\"widget\" data-widget_type=\"witr_section_counter.default\">\n\t\t\t\t<div class=\"elementor-widget-container\">\n\t\t\t\t\t\t\t\t<div class=\"witr_counter_single all_counter_color\">\n\t\t\t\t\t\t\t\t\t<div class=\"witr_counter_icon\">\n\t\t\t\t\t\t<!-- icon -->\n\t\t\t\t\t\t<i class=\"flaticon flaticon-team-1\"><\/i>\n\t\t\t\t\t<\/div>\n\t\t\t\t\t\t\t\t<!-- custom icon -->\n\t\t\t\t\t\t\t\n\t\t\t\t<!--  img -->\n\t\t\t\t\t\t\t\n\t\t\t\n\t\t\t\t<div class=\"witr_counter_number_inn\">\n\t\t\t\t\t<!-- number -->\n\t\t\t\t\t\t\t\t\t\t\t<h3 class=\"counter\">100 <\/h3>\t\t\t\t\n\t\t\t\t\t\t\t\t\t\t<!-- symbol -->\n\t\t\t\t\t\t\t\t\t\t\t<span>%<\/span>\n\t\t\t\t\t\t\t\t\t\t<!-- content -->\n\t\t\t\t\t\t\t\t\t\t\t<h4>Rassurez-vous <\/h4>\t\t\n\t\t\t\t\t\t\t\t\t\t\n\t\t\t\t<\/div> <!-- counter part -->\t\t\n\t\t\t<\/div>\t\t\n\t\t\n\t\t\t\t\t\t<\/div>\n\t\t\t\t<\/div>\n\t\t\t\t<div class=\"elementor-element elementor-element-ae4a195 elementor-widget elementor-widget-witr_section_t_widget\" data-id=\"ae4a195\" data-element_type=\"widget\" data-e-type=\"widget\" data-widget_type=\"witr_section_t_widget.default\">\n\t\t\t\t<div class=\"elementor-widget-container\">\n\t\t\t\t\t\t\t\t\t\t<!-- text widget center -->\n\t\t\t\t\t<div class=\"witr_text_widget\">\n\t\t\t\t\t\t<div class=\"witr_text_widget_inner\">\n\t\t\t\t\t\t\t<!-- text widget top -->\n\t\t\t\t\t\t\t\t\t\t\t\t\t\n\t\t\t\t\t\t\t<!-- text widget middle -->\n\t\t\t\t\t\t\t\t\t\t\t\t\t\t\t<h2>IL Y A PLUS D'OPTIONS QUE VOUS NE LE PENSEZ<\/h2>\t\t\n\t\t\t\t\t\t\t\t\t\t\t\t\t\t<!-- text widget bottom -->\n\t\t\t\t\t\t\t\t\t\t\t\t\t\n\t\t\t\t\t\t\t<!-- content -->\n\t\t\t\t\t\t\t\t\t\t\t\t\t\t\t<p><p>Saviez-vous qu'\u00e0 c\u00f4t\u00e9 des banques, il existe toutes sortes d'autres fournisseurs de cr\u00e9dit ? Et que votre avantage fiscal peut varier consid\u00e9rablement ?<\/p><p>Et si une solution de cr\u00e9dit personnalis\u00e9e \"inconnue\" pouvait vous faire \u00e9conomiser des centaines, voire des milliers d'euros ?<\/p><\/p>\t\t\n\t\t\t\t\t\t\t\t\t\t\t\t\t\t\n\t\t\t\t\t\t\t<!--- List content --->\n\t\t\t\t\t\t\t<div class=\"witr_widget_list\">\n\t\t\t\t\t\t\t\t<ul>\t\t\t\t\t\t\t\n\t\t\t\t\t\t\t\t\t\t\t\t\t\t\t\t\t\t\t\t\t\t\t\t\t\t\t\t\t\t\t\t<li>\n\t\t\t\t\t\t\t\t\t\t\t\t\t\t\t\t\t\t\t\t\t\t\t\t\t\t<span class=\"witr_list_text\"><\/span>\n\t\t\t\t\t\t\t\t\t\t\t\t<\/li>\n\t\t\t\t\t\t\t\t\t\t\t\t\t\t\t\t\t\t\t\t\n\t\n\t\t\t\t\t\t\t\t\t\t\t\t\n\t\t\t\t\t\t\t\t\t\t\t\t\t\t\t\t\t<\/ul>\n\t\t\t\t\t\t\t\t\t\n\t\t\t\t\t\t\t<\/div>\t\t\t\t\t\t\t\n\t\t\t\t\t\t<\/div>\n\t\t\t\t\t<\/div>\n\n\t\t\t\t\t\t\t\t<\/div>\n\t\t\t\t<\/div>\n\t\t\t\t\t<\/div>\n\t\t<\/div>\n\t\t\t\t\t<\/div>\n\t\t<\/section>\n\t\t\t\t<div class=\"elementor-element elementor-element-a82ef51 elementor-align-center elementor-widget elementor-widget-button\" data-id=\"a82ef51\" data-element_type=\"widget\" data-e-type=\"widget\" data-widget_type=\"button.default\">\n\t\t\t\t<div class=\"elementor-widget-container\">\n\t\t\t\t\t\t\t\t\t<div class=\"elementor-button-wrapper\">\n\t\t\t\t\t<a class=\"elementor-button elementor-button-link elementor-size-sm\" href=\"\/fr\/services\/\">\n\t\t\t\t\t\t<span class=\"elementor-button-content-wrapper\">\n\t\t\t\t\t\t\t\t\t<span class=\"elementor-button-text\">Je choisis de d\u00e9couvrir la meilleure solution<\/span>\n\t\t\t\t\t<\/span>\n\t\t\t\t\t<\/a>\n\t\t\t\t<\/div>\n\t\t\t\t\t\t\t\t<\/div>\n\t\t\t\t<\/div>\n\t\t\t\t<div class=\"elementor-element elementor-element-849bd5a elementor-align-center elementor-widget elementor-widget-button\" data-id=\"849bd5a\" data-element_type=\"widget\" data-e-type=\"widget\" data-widget_type=\"button.default\">\n\t\t\t\t<div class=\"elementor-widget-container\">\n\t\t\t\t\t\t\t\t\t<div class=\"elementor-button-wrapper\">\n\t\t\t\t\t<a class=\"elementor-button elementor-button-link elementor-size-sm\" href=\"\/fr\/gratis-eerste-advies-rond-jouw-ideale-woonkrediet\/\">\n\t\t\t\t\t\t<span class=\"elementor-button-content-wrapper\">\n\t\t\t\t\t\t\t\t\t<span class=\"elementor-button-text\">Je ne souhaite pas une conversation pour d\u00e9couvrir la meilleure option. <br>mais souhaite une proposition \u00e9crite<\/span>\n\t\t\t\t\t<\/span>\n\t\t\t\t\t<\/a>\n\t\t\t\t<\/div>\n\t\t\t\t\t\t\t\t<\/div>\n\t\t\t\t<\/div>\n\t\t\t\t\t<\/div>\n\t\t<\/div>\n\t\t\t\t\t<\/div>\n\t\t<\/section>\n\t\t\t\t<\/div>","protected":false},"excerpt":{"rendered":"<p>Omdat er iemand aan uw kant moet staan! &nbsp; ZEKER? ALS JE WEET WAT ER SCHEELT, GA JE NAAR EEN SPECIALIST Stel: je hebt een acute pijn in je knie. Ga je naar je huisarts om de hoek? Of ga je naar de specialist, die al duizenden knie\u00ebn heeft gezien en je zonder omwegen kan [&hellip;]<\/p>\n","protected":false},"author":1,"featured_media":0,"parent":0,"menu_order":0,"comment_status":"closed","ping_status":"closed","template":"template-home.php","meta":{"om_disable_all_campaigns":false,"_monsterinsights_skip_tracking":false,"_monsterinsights_sitenote_active":false,"_monsterinsights_sitenote_note":"","_monsterinsights_sitenote_category":0,"footnotes":""},"class_list":["post-16313","page","type-page","status-publish","hentry"],"aioseo_notices":[],"_links":{"self":[{"href":"https:\/\/eurofinco.be\/fr\/wp-json\/wp\/v2\/pages\/16313","targetHints":{"allow":["GET"]}}],"collection":[{"href":"https:\/\/eurofinco.be\/fr\/wp-json\/wp\/v2\/pages"}],"about":[{"href":"https:\/\/eurofinco.be\/fr\/wp-json\/wp\/v2\/types\/page"}],"author":[{"embeddable":true,"href":"https:\/\/eurofinco.be\/fr\/wp-json\/wp\/v2\/users\/1"}],"replies":[{"embeddable":true,"href":"https:\/\/eurofinco.be\/fr\/wp-json\/wp\/v2\/comments?post=16313"}],"version-history":[{"count":0,"href":"https:\/\/eurofinco.be\/fr\/wp-json\/wp\/v2\/pages\/16313\/revisions"}],"wp:attachment":[{"href":"https:\/\/eurofinco.be\/fr\/wp-json\/wp\/v2\/media?parent=16313"}],"curies":[{"name":"wp","href":"https:\/\/api.w.org\/{rel}","templated":true}]}}