{"id":3,"date":"2023-02-23T13:05:30","date_gmt":"2023-02-23T11:05:30","guid":{"rendered":"https:\/\/eurofinco.be\/?page_id=3"},"modified":"2023-03-09T19:07:33","modified_gmt":"2023-03-09T17:07:33","slug":"privacy-policy","status":"publish","type":"page","link":"https:\/\/eurofinco.be\/fr\/privacy-policy\/","title":{"rendered":"Politique de confidentialit\u00e9"},"content":{"rendered":"<div data-elementor-type=\"wp-page\" data-elementor-id=\"3\" class=\"elementor elementor-3\">\n\t\t\t\t\t\t<section class=\"elementor-section elementor-top-section elementor-element elementor-element-775f67df elementor-section-boxed elementor-section-height-default elementor-section-height-default\" data-id=\"775f67df\" data-element_type=\"section\" data-e-type=\"section\">\n\t\t\t\t\t\t<div class=\"elementor-container elementor-column-gap-default\">\n\t\t\t\t\t<div class=\"elementor-column elementor-col-100 elementor-top-column elementor-element elementor-element-30c67fcd\" data-id=\"30c67fcd\" data-element_type=\"column\" data-e-type=\"column\">\n\t\t\t<div class=\"elementor-widget-wrap elementor-element-populated\">\n\t\t\t\t\t\t<div class=\"elementor-element elementor-element-1f86bc35 elementor-widget elementor-widget-text-editor\" data-id=\"1f86bc35\" data-element_type=\"widget\" data-e-type=\"widget\" data-widget_type=\"text-editor.default\">\n\t\t\t\t<div class=\"elementor-widget-container\">\n\t\t\t\t\t\t\t\t\t<p><\/p>\n<h3 class=\"wp-block-heading\" style=\"box-sizing: inherit; text-transform: uppercase; margin-right: 0px; margin-bottom: 30px; margin-left: 0px; font-size: 24px; line-height: 1.25; color: #1e1d24;\">NOS APPROBATIONS<\/h3>\n<p style=\"box-sizing: inherit; margin-right: 0px; margin-bottom: 25px; margin-left: 0px; color: #919798; font-family: Roboto, sans-serif; font-size: 14px; font-weight: 400;\">Eurofinco est agr\u00e9\u00e9 par la FSMA en tant que courtier en cr\u00e9dit et courtier en assurance sous le num\u00e9ro 38386 A.<\/p>\n<p style=\"box-sizing: inherit; margin-right: 0px; margin-bottom: 25px; margin-left: 0px; color: #919798; font-family: Roboto, sans-serif; font-size: 14px; font-weight: 400;\">Num\u00e9ro d'entreprise : BE0449.362.891<\/p>\n<p style=\"box-sizing: inherit; margin-right: 0px; margin-bottom: 25px; margin-left: 0px; color: #919798; font-family: Roboto, sans-serif; font-size: 14px; font-weight: 400;\">Coordonn\u00e9es de l'autorit\u00e9 de surveillance :<br style=\"box-sizing: inherit;\" \/>SPF \u00c9conomie, Direction g\u00e9n\u00e9rale de l'inspection \u00e9conomique<br style=\"box-sizing: inherit;\" \/>Avenue du Roi Albert II 16, 1000 Bruxelles<br style=\"box-sizing: inherit;\" \/>T\u00e9l\u00e9phone : 02\/277.54.84<br style=\"box-sizing: inherit;\" \/><a style=\"box-sizing: inherit; text-decoration-line: underline; transition-duration: 0.3s; transition-timing-function: linear; transition-property: all; color: #4d5557;\" href=\"https:\/\/meldpunt.belgie.be\/\">https:\/\/meldpunt.belgie.be<\/a><\/p>\n<p style=\"box-sizing: inherit; margin-right: 0px; margin-bottom: 25px; margin-left: 0px; color: #919798; font-family: Roboto, sans-serif; font-size: 14px; font-weight: 400;\">De par son statut, Eurofinco n'est li\u00e9 \u00e0 aucune institution financi\u00e8re et peut donc rechercher pour vous les meilleures solutions en toute ind\u00e9pendance.<\/p>\n<h3 style=\"box-sizing: inherit; text-transform: uppercase; margin: 25px 0px 30px; font-size: 24px; line-height: 1.25; color: #1e1d24;\">PROSPECTUS ET TAUX PR\u00caTS IMMOBILIERS<\/h3>\n<p style=\"box-sizing: inherit; margin-right: 0px; margin-bottom: 25px; margin-left: 0px; color: #919798; font-family: Roboto, sans-serif; font-size: 14px; font-weight: 400;\">Vous pouvez toujours demander tous les prospectus et taux de tous les pr\u00eateurs pour lesquels Eurofinco agit en tant qu'interm\u00e9diaire.<\/p>\n<h3 style=\"box-sizing: inherit; text-transform: uppercase; margin: 25px 0px 30px; font-size: 24px; line-height: 1.25; color: #1e1d24;\">DONN\u00c9ES PERSONNELLES TRAIT\u00c9ES<\/h3>\n<p style=\"box-sizing: inherit; margin-right: 0px; margin-bottom: 25px; margin-left: 0px; color: #919798; font-family: Roboto, sans-serif; font-size: 14px; font-weight: 400;\">Eurofinco NV peut traiter des donn\u00e9es personnelles vous concernant parce que vous utilisez les services d'Eurofinco NV, et\/ou parce que vous les fournissez vous-m\u00eame \u00e0 Eurofinco NV en remplissant un formulaire de contact sur le site web. Eurofinco NV peut traiter les donn\u00e9es personnelles suivantes :<\/p>\n<ul style=\"box-sizing: inherit; margin: 25px 0px; padding-top: 0px; padding-right: 0px; padding-bottom: 0px; list-style-position: initial; list-style-image: initial; color: #919798; font-family: Roboto, sans-serif; font-size: 14px; font-weight: 400;\">\n<li style=\"box-sizing: inherit;\">Vos nom et pr\u00e9nom<\/li>\n<li style=\"box-sizing: inherit; margin-top: 5px;\">Votre adresse<\/li>\n<li style=\"box-sizing: inherit; margin-top: 5px;\">Votre num\u00e9ro de t\u00e9l\u00e9phone<\/li>\n<li style=\"box-sizing: inherit; margin-top: 5px;\">Votre adresse \u00e9lectronique<\/li>\n<li style=\"box-sizing: inherit; margin-top: 5px;\">Votre adresse IP<\/li>\n<\/ul>\n<h3 style=\"box-sizing: inherit; text-transform: uppercase; margin-right: 0px; margin-bottom: 30px; margin-left: 0px; font-size: 24px; line-height: 1.25; color: #1e1d24;\">\u00a0<\/h3>\n<h3 style=\"box-sizing: inherit; text-transform: uppercase; margin-right: 0px; margin-bottom: 30px; margin-left: 0px; font-size: 24px; line-height: 1.25; color: #1e1d24;\">POURQUOI EUROFINCO NV A BESOIN DE DONN\u00c9ES<\/h3>\n<p style=\"box-sizing: inherit; margin-right: 0px; margin-bottom: 25px; margin-left: 0px; color: #919798; font-family: Roboto, sans-serif; font-size: 14px; font-weight: 400;\">Eurofinco NV traite vos donn\u00e9es personnelles afin de pouvoir vous contacter par t\u00e9l\u00e9phone si vous le demandez, et\/ou de vous contacter par \u00e9crit (par e-mail et\/ou par courrier) si vous n'\u00eates pas joignable par t\u00e9l\u00e9phone.<\/p>\n<p style=\"box-sizing: inherit; margin-right: 0px; margin-bottom: 25px; margin-left: 0px; color: #919798; font-family: Roboto, sans-serif; font-size: 14px; font-weight: 400;\">En outre, Eurofinco NV peut utiliser vos donn\u00e9es personnelles dans le cadre de l'ex\u00e9cution d'un contrat de mission conclu avec vous, consistant g\u00e9n\u00e9ralement en des services juridiques.<\/p>\n<h3 style=\"box-sizing: inherit; text-transform: uppercase; margin: 25px 0px 30px; font-size: 24px; line-height: 1.25; color: #1e1d24;\">\u00a0DUR\u00c9E DE CONSERVATION DES DONN\u00c9ES PAR EUROFINCO NV<\/h3>\n<p style=\"box-sizing: inherit; margin-right: 0px; margin-bottom: 25px; margin-left: 0px; color: #919798; font-family: Roboto, sans-serif; font-size: 14px; font-weight: 400;\">Eurofinco NV ne conservera pas vos donn\u00e9es personnelles plus longtemps que ce qui est strictement n\u00e9cessaire pour atteindre les objectifs pour lesquels vos donn\u00e9es ont \u00e9t\u00e9 collect\u00e9es. Vos donn\u00e9es ne seront pas conserv\u00e9es plus d'un an si aucun accord n'est conclu avec vous.<\/p>\n<h3 style=\"box-sizing: inherit; text-transform: uppercase; margin: 25px 0px 30px; font-size: 24px; line-height: 1.25; color: #1e1d24;\">PARTAGER AVEC D'AUTRES<\/h3>\n<p style=\"box-sizing: inherit; margin-right: 0px; margin-bottom: 25px; margin-left: 0px; color: #919798; font-family: Roboto, sans-serif; font-size: 14px; font-weight: 400;\">Eurofinco NV ne communique vos donn\u00e9es personnelles \u00e0 des tiers que si cela est n\u00e9cessaire pour ex\u00e9cuter un accord avec vous ou pour se conformer \u00e0 une obligation l\u00e9gale.<\/p>\n<h3 style=\"box-sizing: inherit; text-transform: uppercase; margin: 25px 0px 30px; font-size: 24px; line-height: 1.25; color: #1e1d24;\">\u00a0CARTOGRAPHIE DU TRAFIC SUR LE SITE WEB<\/h3>\n<p style=\"box-sizing: inherit; margin-right: 0px; margin-bottom: 25px; margin-left: 0px; color: #919798; font-family: Roboto, sans-serif; font-size: 14px; font-weight: 400;\">Les donn\u00e9es g\u00e9n\u00e9rales de visite sont conserv\u00e9es sur le site web d'Eurofinco NV, y compris l'adresse IP de votre ordinateur, l'heure de la consultation et les donn\u00e9es envoy\u00e9es par votre navigateur. Ces donn\u00e9es sont utilis\u00e9es pour analyser le comportement des visiteurs et des cliqueurs sur le site web. Eurofinco NV utilise ces informations pour am\u00e9liorer le fonctionnement du site web. Ces donn\u00e9es sont anonymis\u00e9es dans la mesure du possible et ne sont pas communiqu\u00e9es \u00e0 des tiers.<\/p>\n<h3 style=\"box-sizing: inherit; text-transform: uppercase; margin: 25px 0px 30px; font-size: 24px; line-height: 1.25; color: #1e1d24;\">\u00a0GOOGLE ANALYTICS<\/h3>\n<p style=\"box-sizing: inherit; margin-right: 0px; margin-bottom: 25px; margin-left: 0px; color: #919798; font-family: Roboto, sans-serif; font-size: 14px; font-weight: 400;\">Eurofinco NV utilise Google Analytics pour savoir comment les utilisateurs utilisent le site web et quelle est l'efficacit\u00e9 des annonces Adwords d'Eurofinco NV sur les pages de r\u00e9sultats de recherche de Google.<\/p>\n<p style=\"box-sizing: inherit; margin-right: 0px; margin-bottom: 25px; margin-left: 0px; color: #919798; font-family: Roboto, sans-serif; font-size: 14px; font-weight: 400;\">Les informations ainsi obtenues, y compris l'adresse de votre ordinateur (adresse IP), seront transmises et stock\u00e9es par Google sur des serveurs situ\u00e9s aux \u00c9tats-Unis. Pour plus d'informations, veuillez consulter les r\u00e8gles de confidentialit\u00e9 de Google. Vous trouverez \u00e9galement les r\u00e8gles de confidentialit\u00e9 de Google Analytics ici.<\/p>\n<p style=\"box-sizing: inherit; margin-right: 0px; margin-bottom: 25px; margin-left: 0px; color: #919798; font-family: Roboto, sans-serif; font-size: 14px; font-weight: 400;\">Google utilise ces informations pour savoir comment notre site est utilis\u00e9, pour fournir des rapports sur le site \u00e0 Eurofinco NV et pour offrir \u00e0 ses annonceurs des informations sur l'efficacit\u00e9 de leurs campagnes.<\/p>\n<p style=\"box-sizing: inherit; margin-right: 0px; margin-bottom: 25px; margin-left: 0px; color: #919798; font-family: Roboto, sans-serif; font-size: 14px; font-weight: 400;\">Google peut fournir ces informations \u00e0 des tiers si Google est l\u00e9galement tenu de le faire, ou dans la mesure o\u00f9 ces tiers traitent les informations pour le compte de Google. Eurofinco NV n'a aucune influence sur ce point.<\/p>\n<p style=\"box-sizing: inherit; margin-right: 0px; margin-bottom: 25px; margin-left: 0px; color: #919798; font-family: Roboto, sans-serif; font-size: 14px; font-weight: 400;\">Eurofinco NV n'a pas autoris\u00e9 Google \u00e0 utiliser les informations d'Analytics obtenues par l'interm\u00e9diaire d'Eurofinco NV pour d'autres services de Google.<\/p>\n<h3 style=\"box-sizing: inherit; text-transform: uppercase; margin: 25px 0px 30px; font-size: 24px; line-height: 1.25; color: #1e1d24;\">\u00a0CONSULTER, MODIFIER OU SUPPRIMER DES DONN\u00c9ES<\/h3>\n<p style=\"box-sizing: inherit; margin-right: 0px; margin-bottom: 25px; margin-left: 0px; color: #919798; font-family: Roboto, sans-serif; font-size: 14px; font-weight: 400;\">Vous avez le droit d'acc\u00e9der \u00e0 vos donn\u00e9es personnelles, de les corriger ou de les supprimer. Vous pouvez envoyer une demande d'inspection, de correction ou de suppression \u00e0 l'adresse suivante\u00a0<a style=\"box-sizing: inherit; text-decoration-line: underline; transition-duration: 0.3s; transition-timing-function: linear; transition-property: all; color: #b41f24;\" href=\"mailto:info@eurofinco.be\">info@eurofinco.be<\/a>\u00a0. Eurofinco NV r\u00e9pondra \u00e0 votre demande le plus rapidement possible et au plus tard dans un d\u00e9lai de quatre semaines.<\/p>\n<h3 style=\"box-sizing: inherit; text-transform: uppercase; margin: 25px 0px 30px; font-size: 24px; line-height: 1.25; color: #1e1d24;\">\u00a0SAFE<\/h3>\n<p style=\"box-sizing: inherit; margin-right: 0px; margin-bottom: 25px; margin-left: 0px; color: #919798; font-family: Roboto, sans-serif; font-size: 14px; font-weight: 400;\">Eurofinco NV prend au s\u00e9rieux la protection de vos donn\u00e9es et prend des mesures appropri\u00e9es pour \u00e9viter l'abus, la perte, l'acc\u00e8s non autoris\u00e9, la divulgation non d\u00e9sir\u00e9e et la modification non autoris\u00e9e. Le site web d'Eurofinco NV utilise un certificat SSL fiable pour s'assurer que vos donn\u00e9es personnelles ne tombent pas entre de mauvaises mains.<\/p>\n<p style=\"box-sizing: inherit; margin-right: 0px; margin-bottom: 25px; margin-left: 0px; color: #919798; font-family: Roboto, sans-serif; font-size: 14px; font-weight: 400;\">Si vous avez l'impression que vos donn\u00e9es ne sont pas correctement s\u00e9curis\u00e9es ou qu'il existe des indices d'utilisation abusive, ou si vous souhaitez obtenir de plus amples informations sur la s\u00e9curit\u00e9 des donn\u00e9es personnelles collect\u00e9es par Eurofinco NV, veuillez contacter Eurofinco NV \u00e0 l'adresse suivante<\/p>\n<p style=\"box-sizing: inherit; margin-right: 0px; margin-bottom: 25px; margin-left: 0px; color: #919798; font-family: Roboto, sans-serif; font-size: 14px; font-weight: 400;\"><a style=\"box-sizing: inherit; text-decoration-line: underline; transition-duration: 0.3s; transition-timing-function: linear; transition-property: all; color: #4d5557;\" href=\"https:\/\/eurofinco.be\/fr\/\">www.eurofinco.be<\/a>\u00a0est un site web d'Eurofinco NV et peut \u00eatre contact\u00e9 comme suit :<\/p>\n<p style=\"box-sizing: inherit; margin-right: 0px; margin-bottom: 25px; margin-left: 0px; color: #919798; font-family: Roboto, sans-serif; font-size: 14px; font-weight: 400;\">Adresse postale : Nachtegaalstraat 8 W6 \u00e0 9240 ZELE<\/p>\n<p style=\"box-sizing: inherit; margin-right: 0px; margin-bottom: 25px; margin-left: 0px; color: #919798; font-family: Roboto, sans-serif; font-size: 14px; font-weight: 400;\">Adresse de la succursale : Idem<\/p>\n<p style=\"box-sizing: inherit; margin-right: 0px; margin-bottom: 25px; margin-left: 0px; color: #919798; font-family: Roboto, sans-serif; font-size: 14px; font-weight: 400;\">Num\u00e9ro d'entreprise : BE0449.362.891<\/p>\n<p style=\"box-sizing: inherit; margin-right: 0px; margin-bottom: 25px; margin-left: 0px; color: #919798; font-family: Roboto, sans-serif; font-size: 14px; font-weight: 400;\">T\u00e9l\u00e9phone : 052\/85.80.10<\/p>\n<p style=\"box-sizing: inherit; margin-right: 0px; margin-bottom: 0px; margin-left: 0px; color: #919798; font-family: Roboto, sans-serif; font-size: 14px; font-weight: 400;\">Adresse \u00e9lectronique :\u00a0<a style=\"box-sizing: inherit; text-decoration-line: underline; transition-duration: 0.3s; transition-timing-function: linear; transition-property: all; color: #b41f24;\" href=\"mailto:info@eurofinco.be\">info@eurofinco.be<\/a><\/p>\n<p><\/p>\t\t\t\t\t\t\t\t<\/div>\n\t\t\t\t<\/div>\n\t\t\t\t\t<\/div>\n\t\t<\/div>\n\t\t\t\t\t<\/div>\n\t\t<\/section>\n\t\t\t\t<\/div>","protected":false},"excerpt":{"rendered":"<p>ONZE ERKENNINGEN Eurofinco is door het FSMA erkend als kredietmakelaar en als verzekeringsmakelaar onder het nummer 38386 A Ondernemingsnummer : BE0449.362.891 De gegevens van de toezichthoudende autoriteit:FOD Economie, Algemene Directie Economische InspectieKoning Albert II-laan 16, 1000 BrusselTelefoon : 02\/277.54.84https:\/\/meldpunt.belgie.be Door zijn statuut is Eurofinco niet gebonden aan een financi\u00eble instelling en kan dus in alle [&hellip;]<\/p>\n","protected":false},"author":1,"featured_media":0,"parent":0,"menu_order":0,"comment_status":"closed","ping_status":"closed","template":"","meta":{"om_disable_all_campaigns":false,"_monsterinsights_skip_tracking":false,"_monsterinsights_sitenote_active":false,"_monsterinsights_sitenote_note":"","_monsterinsights_sitenote_category":0,"footnotes":""},"class_list":["post-3","page","type-page","status-publish","hentry"],"aioseo_notices":[],"_links":{"self":[{"href":"https:\/\/eurofinco.be\/fr\/wp-json\/wp\/v2\/pages\/3","targetHints":{"allow":["GET"]}}],"collection":[{"href":"https:\/\/eurofinco.be\/fr\/wp-json\/wp\/v2\/pages"}],"about":[{"href":"https:\/\/eurofinco.be\/fr\/wp-json\/wp\/v2\/types\/page"}],"author":[{"embeddable":true,"href":"https:\/\/eurofinco.be\/fr\/wp-json\/wp\/v2\/users\/1"}],"replies":[{"embeddable":true,"href":"https:\/\/eurofinco.be\/fr\/wp-json\/wp\/v2\/comments?post=3"}],"version-history":[{"count":0,"href":"https:\/\/eurofinco.be\/fr\/wp-json\/wp\/v2\/pages\/3\/revisions"}],"wp:attachment":[{"href":"https:\/\/eurofinco.be\/fr\/wp-json\/wp\/v2\/media?parent=3"}],"curies":[{"name":"wp","href":"https:\/\/api.w.org\/{rel}","templated":true}]}}